{"id":768,"date":"2021-05-26T16:35:02","date_gmt":"2021-05-26T13:35:02","guid":{"rendered":"http:\/\/ukraine-forum.eu\/?page_id=768"},"modified":"2021-06-13T13:25:46","modified_gmt":"2021-06-13T10:25:46","slug":"impressum","status":"publish","type":"page","link":"https:\/\/ukraine-forum.eu\/de\/impressum\/","title":{"rendered":"Impressum"},"content":{"rendered":"<p>Inhaltlich Verantwortlicher gem\u00e4\u00df \u00a7 6 MDStV:<\/p>\n<p>Ukraine Forum e.V.<br \/>\nWittelsbacherstr. 1<br \/>\n10707 Berlin<\/p>\n<p>Tel.: +49 (0)30 3434 8197<br \/>\nE-Mail: info@ukraine-forum.eu<br \/>\nInternet: www.ukraine-forum.eu<br \/>\nwww.holodomor-ukraine.com<\/p>\n<p>Vereinsregister Amtsgericht Berlin-Charlottenburg eingetragen am 21.11.2020 unter VR-Nr. 38591 B<\/p>\n<p>Gemeinschaftlich vertretungsbefugt:<br \/>\nVorsitzende: Luba Pokotylo<\/p>\n<p>Finanzamt f\u00fcr K\u00f6rperschaften I: Bredtschneiderstr. 5, 14057 Berlin<br \/>\nVerantwortliche i.S.d. \u00a7 55 Abs. 2 RStV: Luba Pokotylo Wittelsbacherstr. 1, 10707 Berlin<\/p>\n<p>Allgemeines:<\/p>\n<p>Copyright<br \/>\nVervielf\u00e4ltigungen jeder Art sind nur mit ausdr\u00fccklicher, d. h. schriftlicher Genehmigung des Vereins gestattet. Die Aufnahme in Online-Dienste und Internet sowie die Vervielf\u00e4ltigung auf Datentr\u00e4ger d\u00fcrfen nur nach vorheriger nachweislicher Zustimmung des Vereins erfolgen.<\/p>\n<p>Bilder<br \/>\nAlle Rechte der hier wiedergegebenen Bilder liegen beim Ukraine Forum e.V., Verwendung siehe unter &#8220;Copyright&#8221;.<\/p>\n<p>Haftung<br \/>\nDie Beitr\u00e4ge und Inhalte auf www.ukraine-forum.eu werden mit Sorgfalt recherchiert. Dennoch wird eine Haftung ausgeschlossen.<\/p>\n<p>Wichtiger Hinweis zu allen Links<br \/>\nDer Verein ist nicht f\u00fcr die Inhalte fremder Seiten verantwortlich, die \u00fcber einen Link oder durch Hinweise erreicht werden. Diese Erkl\u00e4rung gilt f\u00fcr alle auf dieser Homepage angebrachten Links oder Hinweise, die nicht auf Webseiten des Vereins weisen.<\/p>\n<p>Diese Internetseite verwendet\u00a0session\u00a0Cookies und Google Analytics f\u00fcr die Analyse und Statistik. Wir nutzen Cookies zu unterschiedlichen Zwecken, unter anderem zur Analyse und f\u00fcr personalisierte Marketing-Mitteilungen. Durch die weitere Nutzung der Website stimmen Sie der Verwendung zu.<\/p>\n<p>Datenschutz<br \/>\nWir nehmen den Schutz Ihrer pers\u00f6nlichen Daten ernst und halten uns an die Regeln der jeweils geltenden Datenschutzgesetze, insbesondere EU-Datenschutzgrundverordnung (EU-DSGVO) und Bundesdatenschutzgesetz (BDSG), sowie dieser Datenschutzerkl\u00e4rung. Wir verarbeiten personenbezogene Daten unserer Nutzer nur, soweit diese zur Bereitstellung einer funktionsf\u00e4higen Website sowie unserer Inhalte, Leistungen, Angebote etc. erforderlich sind.<br \/>\nPersonenbezogene Daten sind alle Informationen, die sich auf eine identifizierte oder identifizierbare nat\u00fcrliche Person beziehen.<br \/>\nDie Datenschutzerkl\u00e4rung gibt Ihnen einen \u00dcberblick dar\u00fcber, welche Art von personenbezogenen Daten zu welchem Zweck verarbeitet werden. Ferner wird in dieser Datenschutzerkl\u00e4rung angegeben, wie wir den Schutz Ihrer personenbezogenen Daten sicherstellen.<\/p>\n<p><a href=\"http:\/\/esfirum.com\/uk\">Website-Entwicklung &#8211; Esfirum<\/a><\/p>\n<div id=\"gtx-trans\" style=\"position: absolute; left: 223px; top: 1000.14px;\">\n<div class=\"gtx-trans-icon\"><\/div>\n<\/div>\n<p><\/p>","protected":false},"excerpt":{"rendered":"<p>Inhaltlich Verantwortlicher gem\u00e4\u00df \u00a7 6 MDStV: Ukraine Forum e.V. Wittelsbacherstr. 1 10707 Berlin Tel.: +49 (0)30 3434 8197 E-Mail: info@ukraine-forum.eu Internet: www.ukraine-forum.eu www.holodomor-ukraine.com Vereinsregister Amtsgericht Berlin-Charlottenburg eingetragen am 21.11.2020 unter VR-Nr. 38591 B Gemeinschaftlich vertretungsbefugt: Vorsitzende: Luba Pokotylo Finanzamt f\u00fcr K\u00f6rperschaften I: Bredtschneiderstr. 5, 14057 Berlin Verantwortliche i.S.d. \u00a7 55 Abs. 2 RStV: Luba Pokotylo [&hellip;]<\/p>\n","protected":false},"author":1,"featured_media":0,"parent":0,"menu_order":0,"comment_status":"closed","ping_status":"closed","template":"","meta":[],"_links":{"self":[{"href":"https:\/\/ukraine-forum.eu\/de\/wp-json\/wp\/v2\/pages\/768"}],"collection":[{"href":"https:\/\/ukraine-forum.eu\/de\/wp-json\/wp\/v2\/pages"}],"about":[{"href":"https:\/\/ukraine-forum.eu\/de\/wp-json\/wp\/v2\/types\/page"}],"author":[{"embeddable":true,"href":"https:\/\/ukraine-forum.eu\/de\/wp-json\/wp\/v2\/users\/1"}],"replies":[{"embeddable":true,"href":"https:\/\/ukraine-forum.eu\/de\/wp-json\/wp\/v2\/comments?post=768"}],"version-history":[{"count":9,"href":"https:\/\/ukraine-forum.eu\/de\/wp-json\/wp\/v2\/pages\/768\/revisions"}],"predecessor-version":[{"id":849,"href":"https:\/\/ukraine-forum.eu\/de\/wp-json\/wp\/v2\/pages\/768\/revisions\/849"}],"wp:attachment":[{"href":"https:\/\/ukraine-forum.eu\/de\/wp-json\/wp\/v2\/media?parent=768"}],"curies":[{"name":"wp","href":"https:\/\/api.w.org\/{rel}","templated":true}]}}